{"id":364,"date":"2012-11-16T19:03:12","date_gmt":"2012-11-16T18:03:12","guid":{"rendered":"https:\/\/www.calarnau.com\/?page_id=364"},"modified":"2016-04-28T11:39:45","modified_gmt":"2016-04-28T09:39:45","slug":"servicios","status":"publish","type":"page","link":"https:\/\/www.calarnau.com\/es\/servicios\/","title":{"rendered":"Servicios"},"content":{"rendered":"<h4>Exterior<a href=\"https:\/\/www.calarnau.com\/wp-content\/uploads\/Piscina.jpg\" rel=\"prettyPhoto[pp_gal_111]\"><img decoding=\"async\" title=\"\" src=\"https:\/\/www.calarnau.com\/wp-content\/themes\/veritas\/function_includes\/timthumb.php?src=https:\/\/www.calarnau.com\/wp-content\/uploads\/Piscina.jpg&amp;w=614&amp;h=264&amp;zc=1&amp;q=80\" alt=\"\" \/><\/a><\/h4>\n<p>Piscina, Barbacoa, Jard\u00edn, Muebles de jard\u00edn, Portar\u00edas de f\u00fatbol, Pelotas, Zona de parking<\/p>\n<h5>Granja<a href=\"https:\/\/www.calarnau.com\/wp-content\/uploads\/Corral.jpg\" rel=\"prettyPhoto[pp_gal_111]\"><img decoding=\"async\" title=\"\" src=\"https:\/\/www.calarnau.com\/wp-content\/themes\/veritas\/function_includes\/timthumb.php?src=https:\/\/www.calarnau.com\/wp-content\/uploads\/Corral.jpg&amp;w=614&amp;h=264&amp;zc=1&amp;q=80\" alt=\"\" \/><\/a><\/h5>\n<p>Gallinas, conejeos, cerdos y vacas<\/p>\n<h4>Interior<a href=\"https:\/\/www.calarnau.com\/wp-content\/uploads\/Interior.jpg\" rel=\"prettyPhoto[pp_gal_111]\"><img decoding=\"async\" title=\"\" src=\"https:\/\/www.calarnau.com\/wp-content\/themes\/veritas\/function_includes\/timthumb.php?src=https:\/\/www.calarnau.com\/wp-content\/uploads\/Interior.jpg&amp;w=614&amp;h=264&amp;zc=1&amp;q=80\" alt=\"\" \/><\/a><\/h4>\n<p>Calefacci\u00f3n<\/p>\n<h5>Cocina<a href=\"https:\/\/www.calarnau.com\/wp-content\/uploads\/Barbacoa.jpg\" rel=\"prettyPhoto[pp_gal_111]\"><img decoding=\"async\" title=\"\" src=\"https:\/\/www.calarnau.com\/wp-content\/themes\/veritas\/function_includes\/timthumb.php?src=https:\/\/www.calarnau.com\/wp-content\/uploads\/Barbacoa.jpg&amp;w=614&amp;h=264&amp;zc=1&amp;q=80\" alt=\"\" \/><\/a><\/h5>\n<p>Vitro-cer\u00e1mica, Nevera, Microondas, Lavadora, Lavaplatos, Horno, Tostadora, Minipimer,Platos, vasos, cubiertos\u2026<\/p>\n<h5>Comedor<\/h5>\n<p>TV, Chimenea, Sof\u00e1s<\/p>\n<h5>Habitaciones<\/h5>\n<p>S\u00e1banas, Toallas<\/p>\n<p>&nbsp;<\/p>\n<p>&nbsp;<\/p>\n<p>&nbsp;<\/p>\n<p>&nbsp;<\/p>\n","protected":false},"excerpt":{"rendered":"<p>Exterior Piscina, Barbacoa, Jard\u00edn, Muebles de jard\u00edn, Portar\u00edas de f\u00fatbol, Pelotas, Zona de parking Granja Gallinas, conejeos, cerdos y vacas Interior Calefacci\u00f3n Cocina Vitro-cer\u00e1mica, Nevera, Microondas, Lavadora, Lavaplatos, Horno, Tostadora, Minipimer,Platos, vasos, cubiertos\u2026 Comedor TV, Chimenea, Sof\u00e1s Habitaciones S\u00e1banas, Toallas&hellip; <\/p>\n","protected":false},"author":1,"featured_media":0,"parent":0,"menu_order":2,"comment_status":"closed","ping_status":"closed","template":"","meta":{"footnotes":""},"class_list":["post-364","page","type-page","status-publish","hentry"],"_links":{"self":[{"href":"https:\/\/www.calarnau.com\/es\/wp-json\/wp\/v2\/pages\/364","targetHints":{"allow":["GET"]}}],"collection":[{"href":"https:\/\/www.calarnau.com\/es\/wp-json\/wp\/v2\/pages"}],"about":[{"href":"https:\/\/www.calarnau.com\/es\/wp-json\/wp\/v2\/types\/page"}],"author":[{"embeddable":true,"href":"https:\/\/www.calarnau.com\/es\/wp-json\/wp\/v2\/users\/1"}],"replies":[{"embeddable":true,"href":"https:\/\/www.calarnau.com\/es\/wp-json\/wp\/v2\/comments?post=364"}],"version-history":[{"count":8,"href":"https:\/\/www.calarnau.com\/es\/wp-json\/wp\/v2\/pages\/364\/revisions"}],"predecessor-version":[{"id":699,"href":"https:\/\/www.calarnau.com\/es\/wp-json\/wp\/v2\/pages\/364\/revisions\/699"}],"wp:attachment":[{"href":"https:\/\/www.calarnau.com\/es\/wp-json\/wp\/v2\/media?parent=364"}],"curies":[{"name":"wp","href":"https:\/\/api.w.org\/{rel}","templated":true}]}}