{"id":374,"date":"2012-11-16T19:15:49","date_gmt":"2012-11-16T18:15:49","guid":{"rendered":"https:\/\/www.calarnau.com\/?page_id=374"},"modified":"2016-04-28T11:45:31","modified_gmt":"2016-04-28T09:45:31","slug":"actividades","status":"publish","type":"page","link":"https:\/\/www.calarnau.com\/es\/actividades\/","title":{"rendered":"Actividades"},"content":{"rendered":"<h3>Granja<a href=\"https:\/\/www.calarnau.com\/wp-content\/uploads\/nen-ous.jpg\" rel=\"prettyPhoto[pp_gal_111]\"><img decoding=\"async\" title=\"\" src=\"https:\/\/www.calarnau.com\/wp-content\/themes\/veritas\/function_includes\/timthumb.php?src=https:\/\/www.calarnau.com\/wp-content\/uploads\/nen-ous.jpg&amp;w=614&amp;h=264&amp;zc=1&amp;q=80\" alt=\"\" \/><\/a><\/h3>\n<p>Visita a los animales: vacas, gallinas, cerdos, conejos, patos\u2026<br \/>\nDar de comer a les gallinas, conejos, patos, perros.<br \/>\nRecoger los huevos del gallinero.<\/p>\n<p>&nbsp;<\/p>\n<h3>Senderismo por la zona<\/h3>\n<p>Largas o cortas caminatas por la zona, ya que la masia s<a href=\"https:\/\/www.calarnau.com\/wp-content\/uploads\/cami.jpg\" rel=\"prettyPhoto[pp_gal_111]\"><img decoding=\"async\" title=\"\" src=\"https:\/\/www.calarnau.com\/wp-content\/themes\/veritas\/function_includes\/timthumb.php?src=https:\/\/www.calarnau.com\/wp-content\/uploads\/cami.jpg&amp;w=614&amp;h=264&amp;zc=1&amp;q=80\" alt=\"\" \/><\/a>e encuentra en un lugar privilegiado, aislado del estr\u00e9s de las ciudades y del ruido de los coches. Se recomiendan las siguientes rutas:<br \/>\nVisita a los dos castillos que vigilan el valle de Cogolls, el d\u2019Hostoles y el de Puig Alder. En amb\u00f3s se puede acceder f\u00e1cilmente con una agradable caminata. En el primero, se conserva una parte de la estructura del viejo castillo. Referente al castillo de Puig Alder, s\u00f3lo queda la antigua capilla, nombrada Sant Salvador.\u2028Paseo por cualquiera de los bosques de Cogolls, d\u00f3nde se encuentran robledas, encinares\u2026<br \/>\nVolc\u00e1n El Traiter.<br \/>\nSierra de las Medes, d\u00f3nde a\u00fan se pueden encontrar un grupo de masias deshabitadas.<\/p>\n<p>&nbsp;<\/p>\n<h3>Riera de Cogolls<a href=\"https:\/\/www.calarnau.com\/wp-content\/uploads\/gorg.jpg\" rel=\"prettyPhoto[pp_gal_111]\"><img decoding=\"async\" title=\"\" src=\"https:\/\/www.calarnau.com\/wp-content\/themes\/veritas\/function_includes\/timthumb.php?src=https:\/\/www.calarnau.com\/wp-content\/uploads\/gorg.jpg&amp;w=614&amp;h=264&amp;zc=1&amp;q=80\" alt=\"\" \/><\/a><\/h3>\n<p>Debido al relieve del valle, en el transcurso de la riera se pueden encontrar peque\u00f1os y medianas gorgas, perfectos para tomar un ba\u00f1o en verano. Se debe mencionar la popular gorga del Mol\u00ed del Murris (a 1800 metros de la casa). El agua que baja por el salto se deposita en un basal de grandes dimensiones. Las cuevas del Fontanil, situadas debajo mimo de la casa rural. Esta cueva de roca calc\u00e1rea se han ido formando en el paso del tiempo debido a la cantidad de agua calcificada que pasa, formando un salto espectacular.<\/p>\n<h3>Fiesta de Cogolls<a href=\"https:\/\/www.calarnau.com\/wp-content\/uploads\/JohnDeere.jpg\" rel=\"prettyPhoto[pp_gal_111]\"><img decoding=\"async\" title=\"\" src=\"https:\/\/www.calarnau.com\/wp-content\/themes\/veritas\/function_includes\/timthumb.php?src=https:\/\/www.calarnau.com\/wp-content\/uploads\/JohnDeere.jpg&amp;w=614&amp;h=264&amp;zc=1&amp;q=80\" alt=\"\" \/><\/a><\/h3>\n<p>Se celebra cada segunda domingo de octubre en el prado de Sant Pelegr\u00ed, d\u00f3nde antes del arroz popular (cocinada por los vecinos de Cogolls) se hace una misa con la tradicional venta de cirios. Y en la tarde del s\u00e1bado hay un concierto de habaneras.<\/p>\n<p>Prados para jugar libremente.<\/p>\n<p>Senderismo por la zona de la <a title=\"Garrotxa\" href=\"https:\/\/www.turismegarrotxa.com\/agenda\/agenda_94_agenda_listado_ca.html\" target=\"_blank\">Garrotxa<\/a>.<\/p>\n<p>Actividades naturalistas y del parque <a title=\"Visc entre Volcans\" href=\"https:\/\/webspobles.ddgi.cat\/sites\/les_planes_hostoles\/Shared%20Documents\/viscentrevolcans2012-b-1.pdf\" target=\"_blank\">Visc entre Volcans<\/a>.<\/p>\n<p>Visita a la igl\u00e9sia rom\u00e0nica de Sant Crist\u00f2fol de Cogolls del siglo X y a la ermita Sant Pelegr\u00ed del siglo XIX.<\/p>\n<p>A les Planes se encuentraLa Curenya, uno de los centros de equitaci\u00f3n de La Garrotxa.<\/p>\n<p>En Olot se puede visitar la zona volc\u00e1nica y La Fageda, y d\u00f3nde se pueden realizar viajes en globo.<\/p>\n","protected":false},"excerpt":{"rendered":"<p>Granja Visita a los animales: vacas, gallinas, cerdos, conejos, patos\u2026 Dar de comer a les gallinas, conejos, patos, perros. Recoger los huevos del gallinero. &nbsp; Senderismo por la zona Largas o cortas caminatas por la zona, ya que la masia&hellip; <\/p>\n","protected":false},"author":1,"featured_media":0,"parent":0,"menu_order":5,"comment_status":"closed","ping_status":"closed","template":"","meta":{"footnotes":""},"class_list":["post-374","page","type-page","status-publish","hentry"],"_links":{"self":[{"href":"https:\/\/www.calarnau.com\/es\/wp-json\/wp\/v2\/pages\/374","targetHints":{"allow":["GET"]}}],"collection":[{"href":"https:\/\/www.calarnau.com\/es\/wp-json\/wp\/v2\/pages"}],"about":[{"href":"https:\/\/www.calarnau.com\/es\/wp-json\/wp\/v2\/types\/page"}],"author":[{"embeddable":true,"href":"https:\/\/www.calarnau.com\/es\/wp-json\/wp\/v2\/users\/1"}],"replies":[{"embeddable":true,"href":"https:\/\/www.calarnau.com\/es\/wp-json\/wp\/v2\/comments?post=374"}],"version-history":[{"count":8,"href":"https:\/\/www.calarnau.com\/es\/wp-json\/wp\/v2\/pages\/374\/revisions"}],"predecessor-version":[{"id":703,"href":"https:\/\/www.calarnau.com\/es\/wp-json\/wp\/v2\/pages\/374\/revisions\/703"}],"wp:attachment":[{"href":"https:\/\/www.calarnau.com\/es\/wp-json\/wp\/v2\/media?parent=374"}],"curies":[{"name":"wp","href":"https:\/\/api.w.org\/{rel}","templated":true}]}}