{"id":582,"date":"2016-04-26T12:38:20","date_gmt":"2016-04-26T10:38:20","guid":{"rendered":"https:\/\/www.calarnau.com\/?page_id=582"},"modified":"2021-11-18T13:54:42","modified_gmt":"2021-11-18T12:54:42","slug":"ca-arnau-i-2","status":"publish","type":"page","link":"https:\/\/www.calarnau.com\/es\/ca-arnau-i-2\/","title":{"rendered":"Ca Arnau I"},"content":{"rendered":"<div style=\"float: right; width: 320px;\"><img decoding=\"async\" class=\"alignnone size-medium wp-image-484 alignright\" src=\"https:\/\/www.calarnau.com\/wp-content\/uploads\/MariaLluisa-I.jpg\" alt=\"MariaLluisa-I\" \/><br \/>\n<img decoding=\"async\" class=\"alignnone size-medium wp-image-484 alignright\" src=\"https:\/\/www.calarnau.com\/wp-content\/uploads\/Farigola-I.jpg\" alt=\"Farigola-I\" \/><br \/>\n<img decoding=\"async\" class=\"alignnone size-medium wp-image-484 alignright\" src=\"https:\/\/www.calarnau.com\/wp-content\/uploads\/Farigola-Llit.jpg\" alt=\"Farigola-Llit\" \/><br \/>\n<img decoding=\"async\" class=\"alignnone size-medium wp-image-484 alignright\" src=\"https:\/\/www.calarnau.com\/wp-content\/uploads\/Lavabo-I.jpg\" alt=\"Lavabo-I\" \/><\/div>\n<ul>\n<li>Capacidad: 8 personas<\/li>\n<li>90 m2<\/li>\n<li>2 habitaciones dobles (<em>Maria Llu\u00efsa<\/em> y <em>Til\u00b7la<\/em>)<\/li>\n<li>2 habitaciones de matrimonio (<em>Farigola<\/em> y <em>Menta<\/em>)<\/li>\n<li>2 ba\u00f1os<\/li>\n<\/ul>\n<ul>\n<li>Tambien hay la possibilidad de a\u00f1adir una cama addicional y una cuna para un beb\u00e9.<\/li>\n<\/ul>\n<div class=\"box-preu\">\n<div class=\"reservar\"><a class=\"button medium blue\" href=\"https:\/\/www.escapadarural.com\/casa-rural\/girona\/ca-l-arnau\" target=\"_blank\" rel=\"noopener\">Reserva Ahora!<\/a><\/div>\n<\/div>\n","protected":false},"excerpt":{"rendered":"<p>Capacidad: 8 personas 90 m2 2 habitaciones dobles (Maria Llu\u00efsa y Til\u00b7la) 2 habitaciones de matrimonio (Farigola y Menta) 2 ba\u00f1os Tambien hay la possibilidad de a\u00f1adir una cama addicional y una cuna para un beb\u00e9. Reserva Ahora!<\/p>\n","protected":false},"author":2,"featured_media":0,"parent":0,"menu_order":0,"comment_status":"closed","ping_status":"closed","template":"","meta":{"footnotes":""},"class_list":["post-582","page","type-page","status-publish","hentry"],"_links":{"self":[{"href":"https:\/\/www.calarnau.com\/es\/wp-json\/wp\/v2\/pages\/582","targetHints":{"allow":["GET"]}}],"collection":[{"href":"https:\/\/www.calarnau.com\/es\/wp-json\/wp\/v2\/pages"}],"about":[{"href":"https:\/\/www.calarnau.com\/es\/wp-json\/wp\/v2\/types\/page"}],"author":[{"embeddable":true,"href":"https:\/\/www.calarnau.com\/es\/wp-json\/wp\/v2\/users\/2"}],"replies":[{"embeddable":true,"href":"https:\/\/www.calarnau.com\/es\/wp-json\/wp\/v2\/comments?post=582"}],"version-history":[{"count":10,"href":"https:\/\/www.calarnau.com\/es\/wp-json\/wp\/v2\/pages\/582\/revisions"}],"predecessor-version":[{"id":783,"href":"https:\/\/www.calarnau.com\/es\/wp-json\/wp\/v2\/pages\/582\/revisions\/783"}],"wp:attachment":[{"href":"https:\/\/www.calarnau.com\/es\/wp-json\/wp\/v2\/media?parent=582"}],"curies":[{"name":"wp","href":"https:\/\/api.w.org\/{rel}","templated":true}]}}