{"id":585,"date":"2016-04-26T12:41:19","date_gmt":"2016-04-26T10:41:19","guid":{"rendered":"https:\/\/www.calarnau.com\/?page_id=585"},"modified":"2021-11-18T13:54:49","modified_gmt":"2021-11-18T12:54:49","slug":"ca-arnau-ii","status":"publish","type":"page","link":"https:\/\/www.calarnau.com\/es\/ca-arnau-ii\/","title":{"rendered":"Ca Arnau II"},"content":{"rendered":"<div style=\"float: right; width: 320px;\"><img decoding=\"async\" class=\"alignnone size-medium wp-image-484 alignright\" src=\"https:\/\/www.calarnau.com\/wp-content\/uploads\/Menta-II.jpg\" alt=\"Menta-II\" \/><br \/>\n<img decoding=\"async\" class=\"alignnone size-medium wp-image-484 alignright\" src=\"https:\/\/www.calarnau.com\/wp-content\/uploads\/Menta-Llits.jpg\" alt=\"Menta-Llits\" \/><br \/>\n<img decoding=\"async\" class=\"alignnone size-medium wp-image-484 alignright\" src=\"https:\/\/www.calarnau.com\/wp-content\/uploads\/Menta-Porta.jpg\" alt=\"Menta-Porta\" \/><\/div>\n<ul>\n<li>Capacidad: 8 personas<\/li>\n<li>90 m2<\/li>\n<li>2 habitaciones dobles (<em>S\u00e0lvia<\/em> i <em>Valeriana<\/em>)<\/li>\n<li>2 habitaciones de matrimonio (<em>Roman\u00ed<\/em> i <em>Camamilla<\/em>)<\/li>\n<li>2 ba\u00f1os<\/li>\n<\/ul>\n<ul>\n<li>Tambi\u00e9n hay la posibilidad de a\u00f1adir una cama adicional y una cuna para un beb\u00e9.<\/li>\n<\/ul>\n<div class=\"box-preu\">\n<div class=\"reservar\"><a class=\"button medium blue\" href=\"https:\/\/www.escapadarural.com\/casa-rural\/girona\/ca-l-arnau\" target=\"_blank\" rel=\"noopener\">Reserva Ahora!<\/a><\/div>\n<\/div>\n","protected":false},"excerpt":{"rendered":"<p>Capacidad: 8 personas 90 m2 2 habitaciones dobles (S\u00e0lvia i Valeriana) 2 habitaciones de matrimonio (Roman\u00ed i Camamilla) 2 ba\u00f1os Tambi\u00e9n hay la posibilidad de a\u00f1adir una cama adicional y una cuna para un beb\u00e9. Reserva Ahora!<\/p>\n","protected":false},"author":2,"featured_media":0,"parent":0,"menu_order":0,"comment_status":"closed","ping_status":"closed","template":"","meta":{"footnotes":""},"class_list":["post-585","page","type-page","status-publish","hentry"],"_links":{"self":[{"href":"https:\/\/www.calarnau.com\/es\/wp-json\/wp\/v2\/pages\/585","targetHints":{"allow":["GET"]}}],"collection":[{"href":"https:\/\/www.calarnau.com\/es\/wp-json\/wp\/v2\/pages"}],"about":[{"href":"https:\/\/www.calarnau.com\/es\/wp-json\/wp\/v2\/types\/page"}],"author":[{"embeddable":true,"href":"https:\/\/www.calarnau.com\/es\/wp-json\/wp\/v2\/users\/2"}],"replies":[{"embeddable":true,"href":"https:\/\/www.calarnau.com\/es\/wp-json\/wp\/v2\/comments?post=585"}],"version-history":[{"count":7,"href":"https:\/\/www.calarnau.com\/es\/wp-json\/wp\/v2\/pages\/585\/revisions"}],"predecessor-version":[{"id":784,"href":"https:\/\/www.calarnau.com\/es\/wp-json\/wp\/v2\/pages\/585\/revisions\/784"}],"wp:attachment":[{"href":"https:\/\/www.calarnau.com\/es\/wp-json\/wp\/v2\/media?parent=585"}],"curies":[{"name":"wp","href":"https:\/\/api.w.org\/{rel}","templated":true}]}}