{"id":593,"date":"2016-04-26T12:49:07","date_gmt":"2016-04-26T10:49:07","guid":{"rendered":"https:\/\/www.calarnau.com\/?page_id=593"},"modified":"2021-11-18T13:54:58","modified_gmt":"2021-11-18T12:54:58","slug":"593-2","status":"publish","type":"page","link":"https:\/\/www.calarnau.com\/es\/alojamientos\/593-2\/","title":{"rendered":"Ca Arnau I y II"},"content":{"rendered":"<div style=\"float: right; width: 320px;\"><img decoding=\"async\" class=\"alignnone size-medium wp-image-484 alignright\" src=\"https:\/\/www.calarnau.com\/wp-content\/uploads\/MariaLluisa-I.jpg\" alt=\"MariaLluisa-I\" \/><br \/>\n<img decoding=\"async\" class=\"alignnone size-medium wp-image-484 alignright\" src=\"https:\/\/www.calarnau.com\/wp-content\/uploads\/Menta-II.jpg\" alt=\"Menta-II\" \/><br \/>\n<img decoding=\"async\" class=\"alignnone size-medium wp-image-484 alignright\" src=\"https:\/\/www.calarnau.com\/wp-content\/uploads\/Farigola-I2.jpg\" alt=\"Farigola-I\" \/><\/div>\n<ul>\n<li>Capacidad: 16 personas<\/li>\n<li>180 m2<\/li>\n<li>4 habitaciones dobles (<em>Maria Llu\u00efsa<\/em>, <em>Til\u00b7la<\/em>, <em>S\u00e0lvia<\/em> y <em>Valeriana<\/em>)<\/li>\n<li>4 habitaciones de matrimonio (<em>Farigola<\/em>, <em>Menta<\/em>,<em>Roman\u00ed<\/em> y <em>Camamilla<\/em>)<\/li>\n<li>4 ba\u00f1os<\/li>\n<\/ul>\n<ul>\n<li>Tambien hay la posibilidad de a\u00f1adir una cama adicional y una cuna para un beb\u00e9.<\/li>\n<\/ul>\n<div class=\"box-preu\">\n<div class=\"reservar\"><a class=\"button medium blue\" href=\"https:\/\/www.escapadarural.com\/casa-rural\/girona\/ca-l-arnau\" target=\"_blank\" rel=\"noopener\">Reserva Ahora!<\/a><\/div>\n<\/div>\n","protected":false},"excerpt":{"rendered":"<p>Capacidad: 16 personas 180 m2 4 habitaciones dobles (Maria Llu\u00efsa, Til\u00b7la, S\u00e0lvia y Valeriana) 4 habitaciones de matrimonio (Farigola, Menta,Roman\u00ed y Camamilla) 4 ba\u00f1os Tambien hay la posibilidad de a\u00f1adir una cama adicional y una cuna para un beb\u00e9. Reserva&hellip; <\/p>\n","protected":false},"author":2,"featured_media":0,"parent":380,"menu_order":0,"comment_status":"closed","ping_status":"closed","template":"","meta":{"footnotes":""},"class_list":["post-593","page","type-page","status-publish","hentry"],"_links":{"self":[{"href":"https:\/\/www.calarnau.com\/es\/wp-json\/wp\/v2\/pages\/593","targetHints":{"allow":["GET"]}}],"collection":[{"href":"https:\/\/www.calarnau.com\/es\/wp-json\/wp\/v2\/pages"}],"about":[{"href":"https:\/\/www.calarnau.com\/es\/wp-json\/wp\/v2\/types\/page"}],"author":[{"embeddable":true,"href":"https:\/\/www.calarnau.com\/es\/wp-json\/wp\/v2\/users\/2"}],"replies":[{"embeddable":true,"href":"https:\/\/www.calarnau.com\/es\/wp-json\/wp\/v2\/comments?post=593"}],"version-history":[{"count":8,"href":"https:\/\/www.calarnau.com\/es\/wp-json\/wp\/v2\/pages\/593\/revisions"}],"predecessor-version":[{"id":785,"href":"https:\/\/www.calarnau.com\/es\/wp-json\/wp\/v2\/pages\/593\/revisions\/785"}],"up":[{"embeddable":true,"href":"https:\/\/www.calarnau.com\/es\/wp-json\/wp\/v2\/pages\/380"}],"wp:attachment":[{"href":"https:\/\/www.calarnau.com\/es\/wp-json\/wp\/v2\/media?parent=593"}],"curies":[{"name":"wp","href":"https:\/\/api.w.org\/{rel}","templated":true}]}}